{"id":1247,"date":"2023-01-21T15:22:51","date_gmt":"2023-01-21T15:22:51","guid":{"rendered":"https:\/\/icequeendesign.com\/wordpress\/cart\/"},"modified":"2023-03-28T20:39:45","modified_gmt":"2023-03-28T20:39:45","slug":"cart","status":"publish","type":"page","link":"https:\/\/icequeendesign.com\/en\/cart\/","title":{"rendered":"Cart"},"content":{"rendered":"\t\t<div data-elementor-type=\"wp-page\" data-elementor-id=\"1247\" class=\"elementor elementor-1247 elementor-12\" data-elementor-post-type=\"page\">\n\t\t\t\t\t\t<section data-particle_enable=\"false\" data-particle-mobile-disabled=\"false\" class=\"elementor-section elementor-top-section elementor-element elementor-element-6a340284 elementor-section-boxed elementor-section-height-default elementor-section-height-default\" data-id=\"6a340284\" data-element_type=\"section\" data-e-type=\"section\">\n\t\t\t\t\t\t<div class=\"elementor-container elementor-column-gap-default\">\n\t\t\t\t\t<div class=\"elementor-column elementor-col-100 elementor-top-column elementor-element elementor-element-32099e63\" data-id=\"32099e63\" data-element_type=\"column\" data-e-type=\"column\">\n\t\t\t<div class=\"elementor-widget-wrap elementor-element-populated\">\n\t\t\t\t\t\t<div class=\"elementor-element elementor-element-c7eeb32 elementor-widget elementor-widget-eael-woo-cart\" data-id=\"c7eeb32\" data-element_type=\"widget\" data-e-type=\"widget\" data-settings=\"{&quot;eael_woo_cart_table_components_remove_icon&quot;:{&quot;value&quot;:&quot;fas fa-times&quot;,&quot;library&quot;:&quot;fa-solid&quot;},&quot;eael_woo_cart_components_continue_shopping_icon&quot;:{&quot;value&quot;:&quot;fas fa-chevron-left&quot;,&quot;library&quot;:&quot;fa-solid&quot;}}\" data-widget_type=\"eael-woo-cart.default\">\n\t\t\t\t<div class=\"elementor-widget-container\">\n\t\t\t\t\t\t\t\t\t<div class=\"eael-woo-cart-wrapper eael-woo-cart-empty eael-woo-style-2 eael-auto-update33\">\n\t\t\t\t<div class=\"woocommerce-notices-wrapper\"><\/div><div class=\"wc-empty-cart-message\">\n\t<div class=\"cart-empty woocommerce-info\" role=\"status\">\n\t\tYour cart is empty\t<\/div>\n<\/div>\t<p class=\"return-to-shop\">\n\t\t<a class=\"button wc-backward\" href=\"https:\/\/icequeendesign.com\/en\/\">\n\t\t\tReturn to shop\t\t<\/a>\n\t<\/p>\n                <\/div>\n\t\t\t\t        <script>document.body.classList.add(\"eael-woo-cart\");<\/script>\n\t\t\t\t\t\t<\/div>\n\t\t\t\t<\/div>\n\t\t\t\t\t<\/div>\n\t\t<\/div>\n\t\t\t\t\t<\/div>\n\t\t<\/section>\n\t\t\t\t<\/div>\n\t\t","protected":false},"excerpt":{"rendered":"<p>PRODUCT PRICE QUANTITY TOTAL Essex #955221 Size: 36 Available colors: black \ud83d\udda4 650,00&nbsp;&#122;&#322; ilo\u015b\u0107 Essex 650,00&nbsp;&#122;&#322; Essex Boho #955223 Size: 39 Available colors: vanilla \ud83c\udf68 700,00&nbsp;&#122;&#322; ilo\u015b\u0107 Essex Boho 700,00&nbsp;&#122;&#322; Coupon: APPLY COUPON Continue shopping UPDATE Subtotal 1.350,00&nbsp;&#122;&#322; Wysy\u0142ka DPD: 20,00&nbsp;&#122;&#322; Metody wysy\u0142ki zostan\u0105 zaktualizowane podczas sk\u0142adania zam\u00f3wienia. Total 1.370,00&nbsp;&#122;&#322; PROCEED CHECKOUT<\/p>\n","protected":false},"author":1,"featured_media":0,"parent":0,"menu_order":0,"comment_status":"closed","ping_status":"closed","template":"","meta":{"footnotes":""},"class_list":["post-1247","page","type-page","status-publish","hentry"],"_links":{"self":[{"href":"https:\/\/icequeendesign.com\/en\/wp-json\/wp\/v2\/pages\/1247","targetHints":{"allow":["GET"]}}],"collection":[{"href":"https:\/\/icequeendesign.com\/en\/wp-json\/wp\/v2\/pages"}],"about":[{"href":"https:\/\/icequeendesign.com\/en\/wp-json\/wp\/v2\/types\/page"}],"author":[{"embeddable":true,"href":"https:\/\/icequeendesign.com\/en\/wp-json\/wp\/v2\/users\/1"}],"replies":[{"embeddable":true,"href":"https:\/\/icequeendesign.com\/en\/wp-json\/wp\/v2\/comments?post=1247"}],"version-history":[{"count":7,"href":"https:\/\/icequeendesign.com\/en\/wp-json\/wp\/v2\/pages\/1247\/revisions"}],"predecessor-version":[{"id":3995,"href":"https:\/\/icequeendesign.com\/en\/wp-json\/wp\/v2\/pages\/1247\/revisions\/3995"}],"wp:attachment":[{"href":"https:\/\/icequeendesign.com\/en\/wp-json\/wp\/v2\/media?parent=1247"}],"curies":[{"name":"wp","href":"https:\/\/api.w.org\/{rel}","templated":true}]}}